{"id":43,"date":"2017-09-12T10:03:12","date_gmt":"2017-09-12T08:03:12","guid":{"rendered":"http:\/\/www.knirpsenland-weissenfels.de\/?page_id=43"},"modified":"2017-10-24T08:09:01","modified_gmt":"2017-10-24T06:09:01","slug":"anfahrt","status":"publish","type":"page","link":"http:\/\/www.knirpsenland-weissenfels.de\/?page_id=43","title":{"rendered":"Anfahrt"},"content":{"rendered":"<h3>Verein zur\u00a0F\u00f6rderung der Kindertagest\u00e4tte &#8222;Knirpsenland&#8220; Wei\u00dfenfels e.V.<\/h3>\n<p>Otto-Schlag-Stra\u00dfe 30<br \/>\n06667 Wei\u00dfenfels<br \/>\n03443 302437<\/p>\n<p><iframe loading=\"lazy\" src=\"https:\/\/www.google.com\/maps\/embed?pb=!1m18!1m12!1m3!1d625.1198757567504!2d11.982294955941919!3d51.191815626756025!2m3!1f0!2f0!3f0!3m2!1i1024!2i768!4f13.1!3m3!1m2!1s0x47a693b59a005f61%3A0x1c2ec48eb6a12ad5!2sVerein+zur+F%C3%B6rderung+der+Kindertagesst%C3%A4tte+Knirpsenland+Wei%C3%9Fenfels+e.V.!5e0!3m2!1sde!2sde!4v1508825180156\" width=\"100%\" height=\"500\" frameborder=\"0\" style=\"border:0\" allowfullscreen><\/iframe><\/p>\n","protected":false},"excerpt":{"rendered":"<p>Verein zur\u00a0F\u00f6rderung der Kindertagest\u00e4tte &#8222;Knirpsenland&#8220; Wei\u00dfenfels e.V. Otto-Schlag-Stra\u00dfe 30 06667 Wei\u00dfenfels 03443 302437<\/p>\n","protected":false},"author":1,"featured_media":0,"parent":39,"menu_order":52,"comment_status":"closed","ping_status":"closed","template":"","meta":[],"_links":{"self":[{"href":"http:\/\/www.knirpsenland-weissenfels.de\/index.php?rest_route=\/wp\/v2\/pages\/43"}],"collection":[{"href":"http:\/\/www.knirpsenland-weissenfels.de\/index.php?rest_route=\/wp\/v2\/pages"}],"about":[{"href":"http:\/\/www.knirpsenland-weissenfels.de\/index.php?rest_route=\/wp\/v2\/types\/page"}],"author":[{"embeddable":true,"href":"http:\/\/www.knirpsenland-weissenfels.de\/index.php?rest_route=\/wp\/v2\/users\/1"}],"replies":[{"embeddable":true,"href":"http:\/\/www.knirpsenland-weissenfels.de\/index.php?rest_route=%2Fwp%2Fv2%2Fcomments&post=43"}],"version-history":[{"count":3,"href":"http:\/\/www.knirpsenland-weissenfels.de\/index.php?rest_route=\/wp\/v2\/pages\/43\/revisions"}],"predecessor-version":[{"id":242,"href":"http:\/\/www.knirpsenland-weissenfels.de\/index.php?rest_route=\/wp\/v2\/pages\/43\/revisions\/242"}],"up":[{"embeddable":true,"href":"http:\/\/www.knirpsenland-weissenfels.de\/index.php?rest_route=\/wp\/v2\/pages\/39"}],"wp:attachment":[{"href":"http:\/\/www.knirpsenland-weissenfels.de\/index.php?rest_route=%2Fwp%2Fv2%2Fmedia&parent=43"}],"curies":[{"name":"wp","href":"https:\/\/api.w.org\/{rel}","templated":true}]}}