{"id":24,"date":"2010-04-26T00:01:17","date_gmt":"2010-04-25T22:01:17","guid":{"rendered":"http:\/\/www.knirpsenland-weissenfels.de\/?page_id=24"},"modified":"2017-10-17T12:13:44","modified_gmt":"2017-10-17T10:13:44","slug":"geschichte","status":"publish","type":"page","link":"http:\/\/www.knirpsenland-weissenfels.de\/?page_id=24","title":{"rendered":"Geschichte der Kita Knirpsenland"},"content":{"rendered":"<p>Unsere Kita wurde 1982 als Kinderkombination erbaut. Kinderkrippe und Kindergarten befanden sich in einem Haus, arbeiteten aber v\u00f6llig getrennt voneinander.<\/p>\n<p>Seit 1990 gibt es diese Teilung nicht mehr. Der Name \u201eKnirpsenland\u201c wurde in einer gemeinsamen Aktion der Kinder, Eltern und Erzieherinnen gefunden. Unsere Kita hat eine Kapazit\u00e4t mit 170 Betreuungspl\u00e4tzen (davon ca. 60 KK-Pl\u00e4tze). In 8 Kindergruppen werden die Kinder im Alter von 6 Wochen bis 7 Jahre von 26 Erzieherinnen betreut. Die Leiterin der Einrichtung ist Frau Schiller. Sprechtag der Leiterin f\u00fcr Eltern ist am Dienstag von 09:00 \u2013 17:00 Uhr.<\/p>\n<p>Unsere Kita ist eine Au\u00dfenstelle Hort in der Bergschule mit einer Kapazit\u00e4t von 110 Betreuungspl\u00e4tzen angegliedert. Die Schulkinder werden von 6 Erzieherinnen unserer Einrichtung im Fr\u00fchhort (06:00 \u2013 07:15 Uhr) und im Nachmittagshort (13:00 &#8211; 17:00 Uhr), bei Bedarf auch bis 18:00 Uhr, betreut.<\/p>\n","protected":false},"excerpt":{"rendered":"<p>Unsere Kita wurde 1982 als Kinderkombination erbaut. Kinderkrippe und Kindergarten befanden sich in einem Haus, arbeiteten aber v\u00f6llig getrennt voneinander. Seit 1990 gibt es diese Teilung nicht mehr. Der Name \u201eKnirpsenland\u201c wurde in einer gemeinsamen Aktion der Kinder, Eltern und Erzieherinnen gefunden. Unsere Kita hat eine Kapazit\u00e4t mit 170 Betreuungspl\u00e4tzen (davon ca. 60 KK-Pl\u00e4tze). In [&hellip;]<\/p>\n","protected":false},"author":1,"featured_media":0,"parent":6,"menu_order":23,"comment_status":"closed","ping_status":"closed","template":"","meta":[],"_links":{"self":[{"href":"http:\/\/www.knirpsenland-weissenfels.de\/index.php?rest_route=\/wp\/v2\/pages\/24"}],"collection":[{"href":"http:\/\/www.knirpsenland-weissenfels.de\/index.php?rest_route=\/wp\/v2\/pages"}],"about":[{"href":"http:\/\/www.knirpsenland-weissenfels.de\/index.php?rest_route=\/wp\/v2\/types\/page"}],"author":[{"embeddable":true,"href":"http:\/\/www.knirpsenland-weissenfels.de\/index.php?rest_route=\/wp\/v2\/users\/1"}],"replies":[{"embeddable":true,"href":"http:\/\/www.knirpsenland-weissenfels.de\/index.php?rest_route=%2Fwp%2Fv2%2Fcomments&post=24"}],"version-history":[{"count":2,"href":"http:\/\/www.knirpsenland-weissenfels.de\/index.php?rest_route=\/wp\/v2\/pages\/24\/revisions"}],"predecessor-version":[{"id":190,"href":"http:\/\/www.knirpsenland-weissenfels.de\/index.php?rest_route=\/wp\/v2\/pages\/24\/revisions\/190"}],"up":[{"embeddable":true,"href":"http:\/\/www.knirpsenland-weissenfels.de\/index.php?rest_route=\/wp\/v2\/pages\/6"}],"wp:attachment":[{"href":"http:\/\/www.knirpsenland-weissenfels.de\/index.php?rest_route=%2Fwp%2Fv2%2Fmedia&parent=24"}],"curies":[{"name":"wp","href":"https:\/\/api.w.org\/{rel}","templated":true}]}}